{"id":445,"date":"2020-01-17T23:06:36","date_gmt":"2020-01-17T23:06:36","guid":{"rendered":"https:\/\/www.alt-duesseldorf.de\/?page_id=445"},"modified":"2025-05-12T13:37:23","modified_gmt":"2025-05-12T11:37:23","slug":"imprint","status":"publish","type":"page","link":"https:\/\/www.alt-duesseldorf.de\/en\/imprint\/","title":{"rendered":"Imprint"},"content":{"rendered":"<p>[vc_row css=&#8221;.vc_custom_1579269979741{margin-top: 50px !important;}&#8221;][vc_column][vc_column_text]<strong>Pera Hotel und Touristik GmbH<\/strong><br \/>\n<strong>Hotel Alt D\u00fcsseldorf<\/strong><\/p>\n<p>Hunsr\u00fcckenstra\u00dfe 11<br \/>\nDE-40213 D\u00fcsseldorf<\/p>\n<p>Tel.: 0211-133604 und 0211-325316<br \/>\nE-Mail: <a href=\"mailto:info@alt-duesseldorf.de\">info@alt-duesseldorf.de<\/a><\/p>\n<p>Managing Director: M.Tevfik Aslan<br \/>\nCompany registration number: 26010<br \/>\nVAT ID: DE811860860[\/vc_column_text][vc_column_text]<\/p>\n<hr \/>\n<p>&nbsp;<\/p>\n<p>Web design and web development: <a title=\"move2media web design\" href=\"https:\/\/www.move2media.com\/\" target=\"_blank\" rel=\"noopener\">move2media<\/a>.[\/vc_column_text][\/vc_column][\/vc_row]<\/p>\n","protected":false},"excerpt":{"rendered":"<p>[vc_row css=&#8221;.vc_custom_1579269979741{margin-top: 50px !important;}&#8221;][vc_column][vc_column_text]Pera Hotel und Touristik GmbH Hotel Alt D\u00fcsseldorf Hunsr\u00fcckenstra\u00dfe 11 DE-40213 D\u00fcsseldorf Tel.: 0211-133604 und 0211-325316 E-Mail: info@alt-duesseldorf.de Managing Director: M.Tevfik Aslan Company registration number: 26010 VAT ID: DE811860860[\/vc_column_text][vc_column_text] &nbsp; Web design and web development: move2media.[\/vc_column_text][\/vc_column][\/vc_row]<\/p>\n","protected":false},"author":1,"featured_media":0,"parent":0,"menu_order":0,"comment_status":"closed","ping_status":"closed","template":"","meta":[],"_links":{"self":[{"href":"https:\/\/www.alt-duesseldorf.de\/en\/wp-json\/wp\/v2\/pages\/445"}],"collection":[{"href":"https:\/\/www.alt-duesseldorf.de\/en\/wp-json\/wp\/v2\/pages"}],"about":[{"href":"https:\/\/www.alt-duesseldorf.de\/en\/wp-json\/wp\/v2\/types\/page"}],"author":[{"embeddable":true,"href":"https:\/\/www.alt-duesseldorf.de\/en\/wp-json\/wp\/v2\/users\/1"}],"replies":[{"embeddable":true,"href":"https:\/\/www.alt-duesseldorf.de\/en\/wp-json\/wp\/v2\/comments?post=445"}],"version-history":[{"count":6,"href":"https:\/\/www.alt-duesseldorf.de\/en\/wp-json\/wp\/v2\/pages\/445\/revisions"}],"predecessor-version":[{"id":617,"href":"https:\/\/www.alt-duesseldorf.de\/en\/wp-json\/wp\/v2\/pages\/445\/revisions\/617"}],"wp:attachment":[{"href":"https:\/\/www.alt-duesseldorf.de\/en\/wp-json\/wp\/v2\/media?parent=445"}],"curies":[{"name":"wp","href":"https:\/\/api.w.org\/{rel}","templated":true}]}}